{"id":15091,"date":"2024-01-12T14:56:12","date_gmt":"2024-01-12T13:56:12","guid":{"rendered":"https:\/\/www.varodem.com\/fournisseurs\/"},"modified":"2026-05-12T08:58:53","modified_gmt":"2026-05-12T06:58:53","slug":"fournisseurs","status":"publish","type":"page","link":"https:\/\/www.varodem.com\/fr\/fournisseurs\/","title":{"rendered":"Fournisseurs"},"content":{"rendered":"\n<p style=\"padding-bottom:var(--wp--preset--spacing--normal)\">En tant que fabricant, Varodem coop\u00e8re avec plusieurs acheteurs de ses dispositifs de compression m\u00e9dicale. Il s&rsquo;agit uniquement de professionnels de la sant\u00e9 (praticiens) experts et qualifi\u00e9s. Ces professionnels de la sant\u00e9 vous aident de la meilleure fa\u00e7on possible. Ils \u00e9valuent lequel de nos produits convient le mieux \u00e0 votre situation (m\u00e9dicale). Les dispositifs de compression m\u00e9dicale sont ensuite mesur\u00e9s par le praticien et command\u00e9s chez nous. Varodem ne fournit pas de mat\u00e9riel de compression m\u00e9dicale aux particuliers. Entrez votre ville ou votre code postal ci-dessous pour trouver un fournisseur Varodem dans votre r\u00e9gion. Vous \u00eates un client enregistr\u00e9 de Varodem et vous souhaitez figurer dans notre registre ci-dessous ? Dans ce cas, contactez-nous.        <\/p>\n\n<hr class=\"wp-block-separator has-text-color has-blue-light-color has-alpha-channel-opacity has-blue-light-background-color has-background is-style-default\"\/>\n<div class=\"wp-block-acf-store-locator-block store-locator-block\" style=\"padding-top:var(--wp--preset--spacing--normal);padding-bottom:var(--wp--preset--spacing--large);\" class=\"wp-block-acf-store-locator-block\">\n        <style>\r\n\t#wpsl-stores .wpsl-store-thumb {height:45px !important; width:45px !important;}\r\n\t#wpsl-stores, #wpsl-direction-details, #wpsl-gmap {height:550px !important;}\r\n\t#wpsl-gmap .wpsl-info-window {max-width:225px !important;}\r\n\t.wpsl-input label, #wpsl-radius label, #wpsl-category label {width:95px;}\r\n\t#wpsl-search-input  {width:179px;}\r\n<\/style>\r\n<div id=\"wpsl-wrap\">\r\n\t<div class=\"wpsl-search wpsl-clearfix \">\r\n\t\t<div id=\"wpsl-search-wrap\">\r\n\t\t\t<form autocomplete=\"off\">\r\n\t\t\t<div class=\"wpsl-input\">\r\n\t\t\t\t<div><label for=\"wpsl-search-input\">Your location<\/label><\/div>\r\n\t\t\t\t<input id=\"wpsl-search-input\" type=\"text\" value=\"\" name=\"wpsl-search-input\" placeholder=\"\" aria-required=\"true\" \/>\r\n\t\t\t<\/div>\r\n\t\t\t<div class=\"wpsl-select-wrap\">\r\n\t\t\t\t<div id=\"wpsl-radius\">\r\n\t\t\t\t\t<label for=\"wpsl-radius-dropdown\">Search radius<\/label>\r\n\t\t\t\t\t<select id=\"wpsl-radius-dropdown\" class=\"wpsl-dropdown\" name=\"wpsl-radius\">\r\n\t\t\t\t\t\t<option value=\"10\">10 km<\/option><option value=\"25\">25 km<\/option><option selected=\"selected\" value=\"50\">50 km<\/option><option value=\"100\">100 km<\/option><option value=\"200\">200 km<\/option><option value=\"500\">500 km<\/option>\r\n\t\t\t\t\t<\/select>\r\n\t\t\t\t<\/div>\r\n\t\t\t\t<div id=\"wpsl-results\">\r\n\t\t\t\t\t<label for=\"wpsl-results-dropdown\">Results<\/label>\r\n\t\t\t\t\t<select id=\"wpsl-results-dropdown\" class=\"wpsl-dropdown\" name=\"wpsl-results\">\r\n\t\t\t\t\t\t<option selected=\"selected\" value=\"25\">25<\/option><option value=\"50\">50<\/option><option value=\"75\">75<\/option><option value=\"100\">100<\/option>\r\n\t\t\t\t\t<\/select>\r\n\t\t\t\t<\/div>\r\n\t\t\t<\/div>\r\n\t\t\t<div class=\"wpsl-input wpsl-custom-checkboxes\" data-name=\"premium\">\r\n\t\t\t\t<input id=\"wpsl-checkbox-input\" type=\"checkbox\" \/>\r\n\t\t\t\t<div><label for=\"wpsl-checkbox-input\">Afficher uniquement les fournisseurs premium<\/label><\/div>\r\n\t\t\t<\/div>\r\n\t\t\t\t<div class=\"wpsl-search-btn-wrap\"><input id=\"wpsl-search-btn\" type=\"submit\" value=\"Search\"><\/div>\r\n\t\t<\/form>\r\n\t\t<\/div>\r\n\t<\/div>\r\n\t<div id=\"wpsl-gmap\" class=\"wpsl-gmap-canvas\"><\/div>\r\n\t<div id=\"wpsl-result-list\">\r\n\t\t<div id=\"wpsl-stores\" >\r\n\t\t\t<ul><\/ul>\r\n\t\t<\/div>\r\n\t\t<div id=\"wpsl-direction-details\">\r\n\t\t\t<ul><\/ul>\r\n\t\t<\/div>\r\n\t<\/div>\r\n<\/div>\r\n<\/div>\n","protected":false},"excerpt":{"rendered":"<p>En tant que fabricant, Varodem coop\u00e8re avec plusieurs acheteurs de ses dispositifs de compression m\u00e9dicale. Il s&rsquo;agit uniquement de professionnels&hellip;<\/p>\n","protected":false},"author":1,"featured_media":0,"parent":0,"menu_order":0,"comment_status":"closed","ping_status":"closed","template":"","meta":{"_acf_changed":false,"footnotes":""},"class_list":["post-15091","page","type-page","status-publish","hentry"],"acf":[],"yoast_head":"<!-- This site is optimized with the Yoast SEO Premium plugin v26.8 (Yoast SEO v26.8) - https:\/\/yoast.com\/product\/yoast-seo-premium-wordpress\/ -->\n<title>Fournisseurs - Varodem<\/title>\n<meta name=\"robots\" content=\"index, follow, max-snippet:-1, max-image-preview:large, max-video-preview:-1\" \/>\n<link rel=\"canonical\" href=\"https:\/\/www.varodem.com\/fr\/fournisseurs\/\" \/>\n<meta property=\"og:locale\" content=\"fr_FR\" \/>\n<meta property=\"og:type\" content=\"article\" \/>\n<meta property=\"og:title\" content=\"Fournisseurs\" \/>\n<meta property=\"og:description\" content=\"En tant que fabricant, Varodem coop\u00e8re avec plusieurs acheteurs de ses dispositifs de compression m\u00e9dicale. Il s&rsquo;agit uniquement de professionnels&hellip;\" \/>\n<meta property=\"og:url\" content=\"https:\/\/www.varodem.com\/fr\/fournisseurs\/\" \/>\n<meta property=\"og:site_name\" content=\"Varodem\" \/>\n<meta property=\"article:modified_time\" content=\"2026-05-12T06:58:53+00:00\" \/>\n<meta name=\"twitter:card\" content=\"summary_large_image\" \/>\n<meta name=\"twitter:label1\" content=\"Dur\u00e9e de lecture estim\u00e9e\" \/>\n\t<meta name=\"twitter:data1\" content=\"1 minute\" \/>\n<script type=\"application\/ld+json\" class=\"yoast-schema-graph\">{\"@context\":\"https:\/\/schema.org\",\"@graph\":[{\"@type\":\"WebPage\",\"@id\":\"https:\/\/www.varodem.com\/fr\/fournisseurs\/\",\"url\":\"https:\/\/www.varodem.com\/fr\/fournisseurs\/\",\"name\":\"Fournisseurs - Varodem\",\"isPartOf\":{\"@id\":\"https:\/\/www.varodem.com\/fr\/#website\"},\"datePublished\":\"2024-01-12T13:56:12+00:00\",\"dateModified\":\"2026-05-12T06:58:53+00:00\",\"breadcrumb\":{\"@id\":\"https:\/\/www.varodem.com\/fr\/fournisseurs\/#breadcrumb\"},\"inLanguage\":\"fr-FR\",\"potentialAction\":[{\"@type\":\"ReadAction\",\"target\":[\"https:\/\/www.varodem.com\/fr\/fournisseurs\/\"]}]},{\"@type\":\"BreadcrumbList\",\"@id\":\"https:\/\/www.varodem.com\/fr\/fournisseurs\/#breadcrumb\",\"itemListElement\":[{\"@type\":\"ListItem\",\"position\":1,\"name\":\"Accueil\",\"item\":\"https:\/\/www.varodem.com\/fr\/\"},{\"@type\":\"ListItem\",\"position\":2,\"name\":\"Fournisseurs\"}]},{\"@type\":\"WebSite\",\"@id\":\"https:\/\/www.varodem.com\/fr\/#website\",\"url\":\"https:\/\/www.varodem.com\/fr\/\",\"name\":\"Varodem\",\"description\":\"All about people!\",\"publisher\":{\"@id\":\"https:\/\/www.varodem.com\/fr\/#organization\"},\"potentialAction\":[{\"@type\":\"SearchAction\",\"target\":{\"@type\":\"EntryPoint\",\"urlTemplate\":\"https:\/\/www.varodem.com\/fr\/?s={search_term_string}\"},\"query-input\":{\"@type\":\"PropertyValueSpecification\",\"valueRequired\":true,\"valueName\":\"search_term_string\"}}],\"inLanguage\":\"fr-FR\"},{\"@type\":\"Organization\",\"@id\":\"https:\/\/www.varodem.com\/fr\/#organization\",\"name\":\"Varodem\",\"url\":\"https:\/\/www.varodem.com\/fr\/\",\"logo\":{\"@type\":\"ImageObject\",\"inLanguage\":\"fr-FR\",\"@id\":\"https:\/\/www.varodem.com\/fr\/#\/schema\/logo\/image\/\",\"url\":\"https:\/\/www.varodem.com\/wp-content\/uploads\/2024\/01\/logo.svg\",\"contentUrl\":\"https:\/\/www.varodem.com\/wp-content\/uploads\/2024\/01\/logo.svg\",\"caption\":\"Varodem\"},\"image\":{\"@id\":\"https:\/\/www.varodem.com\/fr\/#\/schema\/logo\/image\/\"}}]}<\/script>\n<!-- \/ Yoast SEO Premium plugin. -->","yoast_head_json":{"title":"Fournisseurs - Varodem","robots":{"index":"index","follow":"follow","max-snippet":"max-snippet:-1","max-image-preview":"max-image-preview:large","max-video-preview":"max-video-preview:-1"},"canonical":"https:\/\/www.varodem.com\/fr\/fournisseurs\/","og_locale":"fr_FR","og_type":"article","og_title":"Fournisseurs","og_description":"En tant que fabricant, Varodem coop\u00e8re avec plusieurs acheteurs de ses dispositifs de compression m\u00e9dicale. Il s&rsquo;agit uniquement de professionnels&hellip;","og_url":"https:\/\/www.varodem.com\/fr\/fournisseurs\/","og_site_name":"Varodem","article_modified_time":"2026-05-12T06:58:53+00:00","twitter_card":"summary_large_image","twitter_misc":{"Dur\u00e9e de lecture estim\u00e9e":"1 minute"},"schema":{"@context":"https:\/\/schema.org","@graph":[{"@type":"WebPage","@id":"https:\/\/www.varodem.com\/fr\/fournisseurs\/","url":"https:\/\/www.varodem.com\/fr\/fournisseurs\/","name":"Fournisseurs - Varodem","isPartOf":{"@id":"https:\/\/www.varodem.com\/fr\/#website"},"datePublished":"2024-01-12T13:56:12+00:00","dateModified":"2026-05-12T06:58:53+00:00","breadcrumb":{"@id":"https:\/\/www.varodem.com\/fr\/fournisseurs\/#breadcrumb"},"inLanguage":"fr-FR","potentialAction":[{"@type":"ReadAction","target":["https:\/\/www.varodem.com\/fr\/fournisseurs\/"]}]},{"@type":"BreadcrumbList","@id":"https:\/\/www.varodem.com\/fr\/fournisseurs\/#breadcrumb","itemListElement":[{"@type":"ListItem","position":1,"name":"Accueil","item":"https:\/\/www.varodem.com\/fr\/"},{"@type":"ListItem","position":2,"name":"Fournisseurs"}]},{"@type":"WebSite","@id":"https:\/\/www.varodem.com\/fr\/#website","url":"https:\/\/www.varodem.com\/fr\/","name":"Varodem","description":"All about people!","publisher":{"@id":"https:\/\/www.varodem.com\/fr\/#organization"},"potentialAction":[{"@type":"SearchAction","target":{"@type":"EntryPoint","urlTemplate":"https:\/\/www.varodem.com\/fr\/?s={search_term_string}"},"query-input":{"@type":"PropertyValueSpecification","valueRequired":true,"valueName":"search_term_string"}}],"inLanguage":"fr-FR"},{"@type":"Organization","@id":"https:\/\/www.varodem.com\/fr\/#organization","name":"Varodem","url":"https:\/\/www.varodem.com\/fr\/","logo":{"@type":"ImageObject","inLanguage":"fr-FR","@id":"https:\/\/www.varodem.com\/fr\/#\/schema\/logo\/image\/","url":"https:\/\/www.varodem.com\/wp-content\/uploads\/2024\/01\/logo.svg","contentUrl":"https:\/\/www.varodem.com\/wp-content\/uploads\/2024\/01\/logo.svg","caption":"Varodem"},"image":{"@id":"https:\/\/www.varodem.com\/fr\/#\/schema\/logo\/image\/"}}]}},"_links":{"self":[{"href":"https:\/\/www.varodem.com\/fr\/wp-json\/wp\/v2\/pages\/15091","targetHints":{"allow":["GET"]}}],"collection":[{"href":"https:\/\/www.varodem.com\/fr\/wp-json\/wp\/v2\/pages"}],"about":[{"href":"https:\/\/www.varodem.com\/fr\/wp-json\/wp\/v2\/types\/page"}],"author":[{"embeddable":true,"href":"https:\/\/www.varodem.com\/fr\/wp-json\/wp\/v2\/users\/1"}],"replies":[{"embeddable":true,"href":"https:\/\/www.varodem.com\/fr\/wp-json\/wp\/v2\/comments?post=15091"}],"version-history":[{"count":4,"href":"https:\/\/www.varodem.com\/fr\/wp-json\/wp\/v2\/pages\/15091\/revisions"}],"predecessor-version":[{"id":15098,"href":"https:\/\/www.varodem.com\/fr\/wp-json\/wp\/v2\/pages\/15091\/revisions\/15098"}],"wp:attachment":[{"href":"https:\/\/www.varodem.com\/fr\/wp-json\/wp\/v2\/media?parent=15091"}],"curies":[{"name":"wp","href":"https:\/\/api.w.org\/{rel}","templated":true}]}}