{"id":13048,"date":"2024-04-03T14:20:44","date_gmt":"2024-04-03T12:20:44","guid":{"rendered":"https:\/\/www.varodem.com\/clause-de-non-responsabilite\/"},"modified":"2025-10-07T12:21:37","modified_gmt":"2025-10-07T10:21:37","slug":"clause-de-non-responsabilite","status":"publish","type":"page","link":"https:\/\/www.varodem.com\/fr\/clause-de-non-responsabilite\/","title":{"rendered":"Clause de non-responsabilit\u00e9"},"content":{"rendered":"\t\t<div data-elementor-type=\"wp-page\" data-elementor-id=\"13048\" class=\"elementor elementor-13048 elementor-1847\" data-elementor-post-type=\"page\">\n\t\t\t\t\t\t<section data-particle_enable=\"false\" data-particle-mobile-disabled=\"false\" class=\"elementor-section elementor-top-section elementor-element elementor-element-3572764 elementor-section-full_width elementor-section-height-default elementor-section-height-default\" data-id=\"3572764\" data-element_type=\"section\" data-e-type=\"section\">\n\t\t\t\t\t\t<div class=\"elementor-container elementor-column-gap-default\">\n\t\t\t\t\t<div class=\"elementor-column elementor-col-100 elementor-top-column elementor-element elementor-element-c9aa034\" data-id=\"c9aa034\" data-element_type=\"column\" data-e-type=\"column\">\n\t\t\t<div class=\"elementor-widget-wrap elementor-element-populated\">\n\t\t\t\t\t\t<div class=\"elementor-element elementor-element-98147f0 elementor-widget elementor-widget-text-editor\" data-id=\"98147f0\" data-element_type=\"widget\" data-e-type=\"widget\" data-widget_type=\"text-editor.default\">\n\t\t\t\t<div class=\"elementor-widget-container\">\n\t\t\t\t\t\t\t\t\t<p>Malgr\u00e9 tous ses efforts, Varodem S.A. ne peut garantir que les informations contenues dans ce site web sont compl\u00e8tes, correctes et \u00e0 jour \u00e0 tout moment. Ceci s&rsquo;applique \u00e9galement \u00e0 tous les liens qui renvoient directement ou indirectement \u00e0 ce site web. <\/p>\t\t\t\t\t\t\t\t<\/div>\n\t\t\t\t<\/div>\n\t\t\t\t<div class=\"elementor-element elementor-element-d537593 elementor-widget-divider--view-line elementor-widget elementor-widget-divider\" data-id=\"d537593\" data-element_type=\"widget\" data-e-type=\"widget\" data-widget_type=\"divider.default\">\n\t\t\t\t<div class=\"elementor-widget-container\">\n\t\t\t\t\t\t\t<div class=\"elementor-divider\">\n\t\t\t<span class=\"elementor-divider-separator\">\n\t\t\t\t\t\t<\/span>\n\t\t<\/div>\n\t\t\t\t\t\t<\/div>\n\t\t\t\t<\/div>\n\t\t\t\t<div class=\"elementor-element elementor-element-161b31a elementor-widget elementor-widget-text-editor\" data-id=\"161b31a\" data-element_type=\"widget\" data-e-type=\"widget\" data-widget_type=\"text-editor.default\">\n\t\t\t\t<div class=\"elementor-widget-container\">\n\t\t\t\t\t\t\t\t\t<p>Varodem S.A. n&rsquo;est pas responsable du contenu de toute page Internet \u00e0 laquelle on peut acc\u00e9der par le biais d&rsquo;un tel lien. Varodem S.A. se r\u00e9serve le droit de modifier ou de compl\u00e9ter les informations \u00e0 tout moment et sans pr\u00e9avis. L&rsquo;utilisation de ce site ne cr\u00e9e jamais d&rsquo;obligation contractuelle avec Varodem S.A. dans le but de fournir des produits, de demander des informations, de donner des conseils ou de fournir des services de cette nature. Varodem S.A. renonce \u00e0 toute responsabilit\u00e9 l\u00e9gale d\u00e9coulant de l&rsquo;utilisation du contenu et ne garantit pas l&rsquo;exactitude des informations qu&rsquo;il contient, ni que l&rsquo;acc\u00e8s au site Web sera ininterrompu \u00e0 tout moment. Varodem S.A. n&rsquo;est pas responsable des dommages sp\u00e9ciaux, accessoires ou graves, y compris le manque d&rsquo;accessibilit\u00e9, la perte de donn\u00e9es et la perte de revenus, r\u00e9sultant de l&rsquo;utilisation de l&rsquo;information disponible sur ce site web.    <\/p><p>Varodem S.A. n&rsquo;a pas l&rsquo;intention de fournir des informations m\u00e9dicales sp\u00e9cifiques, mais de donner aux visiteurs un meilleur aper\u00e7u et une meilleure compr\u00e9hension de leur sant\u00e9 et de toute condition m\u00e9dicale diagnostiqu\u00e9e en rapport avec nos produits. Varodem S.A. ne fournit pas de conseils m\u00e9dicaux sp\u00e9cifiques et vous recommande vivement, le cas \u00e9ch\u00e9ant, de consulter un m\u00e9decin qualifi\u00e9 pour obtenir un diagnostic et des r\u00e9ponses \u00e0 vos questions personnelles. <\/p><p>Un grand soin est apport\u00e9 \u00e0 la compilation de toutes les informations, en particulier les informations m\u00e9dicales. Cependant, des erreurs (dans le traitement des donn\u00e9es) ne peuvent pas toujours \u00eatre \u00e9vit\u00e9es. Pour cette raison et parce que la science m\u00e9dicale \u00e9volue rapidement, il est conseill\u00e9 au lecteur de s&rsquo;informer de mani\u00e8re ind\u00e9pendante et\/ou de faire des recherches sur les m\u00e9thodes de diagnostic, les traitements, les dosages de m\u00e9dicaments, etc. mentionn\u00e9s.    <strong>Varodem S.A. d\u00e9cline toute responsabilit\u00e9 quant \u00e0 l&rsquo;exactitude de ces donn\u00e9es.<\/strong><\/p>\t\t\t\t\t\t\t\t<\/div>\n\t\t\t\t<\/div>\n\t\t\t\t\t<\/div>\n\t\t<\/div>\n\t\t\t\t\t<\/div>\n\t\t<\/section>\n\t\t\t\t<section data-particle_enable=\"false\" data-particle-mobile-disabled=\"false\" class=\"elementor-section elementor-top-section elementor-element elementor-element-e31714e elementor-section-full_width elementor-section-height-default elementor-section-height-default\" data-id=\"e31714e\" data-element_type=\"section\" data-e-type=\"section\">\n\t\t\t\t\t\t<div class=\"elementor-container elementor-column-gap-default\">\n\t\t\t\t\t<div class=\"elementor-column elementor-col-100 elementor-top-column elementor-element elementor-element-6f7d6cd\" data-id=\"6f7d6cd\" data-element_type=\"column\" data-e-type=\"column\">\n\t\t\t<div class=\"elementor-widget-wrap elementor-element-populated\">\n\t\t\t\t\t\t<div class=\"elementor-element elementor-element-1d85733 elementor-widget elementor-widget-spacer\" data-id=\"1d85733\" data-element_type=\"widget\" data-e-type=\"widget\" data-widget_type=\"spacer.default\">\n\t\t\t\t<div class=\"elementor-widget-container\">\n\t\t\t\t\t\t\t<div class=\"elementor-spacer\">\n\t\t\t<div class=\"elementor-spacer-inner\"><\/div>\n\t\t<\/div>\n\t\t\t\t\t\t<\/div>\n\t\t\t\t<\/div>\n\t\t\t\t\t<\/div>\n\t\t<\/div>\n\t\t\t\t\t<\/div>\n\t\t<\/section>\n\t\t\t\t<\/div>\n\t\t","protected":false},"excerpt":{"rendered":"<p>Malgr\u00e9 tous ses efforts, Varodem S.A. ne peut garantir que les informations contenues dans ce site web sont compl\u00e8tes, correctes&hellip;<\/p>\n","protected":false},"author":2,"featured_media":0,"parent":0,"menu_order":0,"comment_status":"closed","ping_status":"closed","template":"","meta":{"_acf_changed":false,"footnotes":""},"class_list":["post-13048","page","type-page","status-publish","hentry"],"acf":[],"yoast_head":"<!-- This site is optimized with the Yoast SEO Premium plugin v26.8 (Yoast SEO v26.8) - https:\/\/yoast.com\/product\/yoast-seo-premium-wordpress\/ -->\n<title>Clause de non-responsabilit\u00e9 - Varodem<\/title>\n<meta name=\"robots\" content=\"index, follow, max-snippet:-1, max-image-preview:large, max-video-preview:-1\" \/>\n<link rel=\"canonical\" href=\"https:\/\/www.varodem.com\/fr\/clause-de-non-responsabilite\/\" \/>\n<meta property=\"og:locale\" content=\"fr_FR\" \/>\n<meta property=\"og:type\" content=\"article\" \/>\n<meta property=\"og:title\" content=\"Clause de non-responsabilit\u00e9\" \/>\n<meta property=\"og:description\" content=\"Malgr\u00e9 tous ses efforts, Varodem S.A. ne peut garantir que les informations contenues dans ce site web sont compl\u00e8tes, correctes&hellip;\" \/>\n<meta property=\"og:url\" content=\"https:\/\/www.varodem.com\/fr\/clause-de-non-responsabilite\/\" \/>\n<meta property=\"og:site_name\" content=\"Varodem\" \/>\n<meta property=\"article:modified_time\" content=\"2025-10-07T10:21:37+00:00\" \/>\n<meta name=\"twitter:card\" content=\"summary_large_image\" \/>\n<meta name=\"twitter:label1\" content=\"Est. reading time\" \/>\n\t<meta name=\"twitter:data1\" content=\"2 minutes\" \/>\n<script type=\"application\/ld+json\" class=\"yoast-schema-graph\">{\"@context\":\"https:\/\/schema.org\",\"@graph\":[{\"@type\":\"WebPage\",\"@id\":\"https:\/\/www.varodem.com\/fr\/clause-de-non-responsabilite\/\",\"url\":\"https:\/\/www.varodem.com\/fr\/clause-de-non-responsabilite\/\",\"name\":\"Clause de non-responsabilit\u00e9 - Varodem\",\"isPartOf\":{\"@id\":\"https:\/\/www.varodem.com\/fr\/#website\"},\"datePublished\":\"2024-04-03T12:20:44+00:00\",\"dateModified\":\"2025-10-07T10:21:37+00:00\",\"breadcrumb\":{\"@id\":\"https:\/\/www.varodem.com\/fr\/clause-de-non-responsabilite\/#breadcrumb\"},\"inLanguage\":\"fr-FR\",\"potentialAction\":[{\"@type\":\"ReadAction\",\"target\":[\"https:\/\/www.varodem.com\/fr\/clause-de-non-responsabilite\/\"]}]},{\"@type\":\"BreadcrumbList\",\"@id\":\"https:\/\/www.varodem.com\/fr\/clause-de-non-responsabilite\/#breadcrumb\",\"itemListElement\":[{\"@type\":\"ListItem\",\"position\":1,\"name\":\"Accueil\",\"item\":\"https:\/\/www.varodem.com\/fr\/accueil\/\"},{\"@type\":\"ListItem\",\"position\":2,\"name\":\"Clause de non-responsabilit\u00e9\"}]},{\"@type\":\"WebSite\",\"@id\":\"https:\/\/www.varodem.com\/fr\/#website\",\"url\":\"https:\/\/www.varodem.com\/fr\/\",\"name\":\"Varodem\",\"description\":\"All about people!\",\"publisher\":{\"@id\":\"https:\/\/www.varodem.com\/fr\/#organization\"},\"potentialAction\":[{\"@type\":\"SearchAction\",\"target\":{\"@type\":\"EntryPoint\",\"urlTemplate\":\"https:\/\/www.varodem.com\/fr\/?s={search_term_string}\"},\"query-input\":{\"@type\":\"PropertyValueSpecification\",\"valueRequired\":true,\"valueName\":\"search_term_string\"}}],\"inLanguage\":\"fr-FR\"},{\"@type\":\"Organization\",\"@id\":\"https:\/\/www.varodem.com\/fr\/#organization\",\"name\":\"Varodem\",\"url\":\"https:\/\/www.varodem.com\/fr\/\",\"logo\":{\"@type\":\"ImageObject\",\"inLanguage\":\"fr-FR\",\"@id\":\"https:\/\/www.varodem.com\/fr\/#\/schema\/logo\/image\/\",\"url\":\"https:\/\/www.varodem.com\/wp-content\/uploads\/2024\/01\/logo.svg\",\"contentUrl\":\"https:\/\/www.varodem.com\/wp-content\/uploads\/2024\/01\/logo.svg\",\"caption\":\"Varodem\"},\"image\":{\"@id\":\"https:\/\/www.varodem.com\/fr\/#\/schema\/logo\/image\/\"}}]}<\/script>\n<!-- \/ Yoast SEO Premium plugin. -->","yoast_head_json":{"title":"Clause de non-responsabilit\u00e9 - Varodem","robots":{"index":"index","follow":"follow","max-snippet":"max-snippet:-1","max-image-preview":"max-image-preview:large","max-video-preview":"max-video-preview:-1"},"canonical":"https:\/\/www.varodem.com\/fr\/clause-de-non-responsabilite\/","og_locale":"fr_FR","og_type":"article","og_title":"Clause de non-responsabilit\u00e9","og_description":"Malgr\u00e9 tous ses efforts, Varodem S.A. ne peut garantir que les informations contenues dans ce site web sont compl\u00e8tes, correctes&hellip;","og_url":"https:\/\/www.varodem.com\/fr\/clause-de-non-responsabilite\/","og_site_name":"Varodem","article_modified_time":"2025-10-07T10:21:37+00:00","twitter_card":"summary_large_image","twitter_misc":{"Est. reading time":"2 minutes"},"schema":{"@context":"https:\/\/schema.org","@graph":[{"@type":"WebPage","@id":"https:\/\/www.varodem.com\/fr\/clause-de-non-responsabilite\/","url":"https:\/\/www.varodem.com\/fr\/clause-de-non-responsabilite\/","name":"Clause de non-responsabilit\u00e9 - Varodem","isPartOf":{"@id":"https:\/\/www.varodem.com\/fr\/#website"},"datePublished":"2024-04-03T12:20:44+00:00","dateModified":"2025-10-07T10:21:37+00:00","breadcrumb":{"@id":"https:\/\/www.varodem.com\/fr\/clause-de-non-responsabilite\/#breadcrumb"},"inLanguage":"fr-FR","potentialAction":[{"@type":"ReadAction","target":["https:\/\/www.varodem.com\/fr\/clause-de-non-responsabilite\/"]}]},{"@type":"BreadcrumbList","@id":"https:\/\/www.varodem.com\/fr\/clause-de-non-responsabilite\/#breadcrumb","itemListElement":[{"@type":"ListItem","position":1,"name":"Accueil","item":"https:\/\/www.varodem.com\/fr\/accueil\/"},{"@type":"ListItem","position":2,"name":"Clause de non-responsabilit\u00e9"}]},{"@type":"WebSite","@id":"https:\/\/www.varodem.com\/fr\/#website","url":"https:\/\/www.varodem.com\/fr\/","name":"Varodem","description":"All about people!","publisher":{"@id":"https:\/\/www.varodem.com\/fr\/#organization"},"potentialAction":[{"@type":"SearchAction","target":{"@type":"EntryPoint","urlTemplate":"https:\/\/www.varodem.com\/fr\/?s={search_term_string}"},"query-input":{"@type":"PropertyValueSpecification","valueRequired":true,"valueName":"search_term_string"}}],"inLanguage":"fr-FR"},{"@type":"Organization","@id":"https:\/\/www.varodem.com\/fr\/#organization","name":"Varodem","url":"https:\/\/www.varodem.com\/fr\/","logo":{"@type":"ImageObject","inLanguage":"fr-FR","@id":"https:\/\/www.varodem.com\/fr\/#\/schema\/logo\/image\/","url":"https:\/\/www.varodem.com\/wp-content\/uploads\/2024\/01\/logo.svg","contentUrl":"https:\/\/www.varodem.com\/wp-content\/uploads\/2024\/01\/logo.svg","caption":"Varodem"},"image":{"@id":"https:\/\/www.varodem.com\/fr\/#\/schema\/logo\/image\/"}}]}},"_links":{"self":[{"href":"https:\/\/www.varodem.com\/fr\/wp-json\/wp\/v2\/pages\/13048","targetHints":{"allow":["GET"]}}],"collection":[{"href":"https:\/\/www.varodem.com\/fr\/wp-json\/wp\/v2\/pages"}],"about":[{"href":"https:\/\/www.varodem.com\/fr\/wp-json\/wp\/v2\/types\/page"}],"author":[{"embeddable":true,"href":"https:\/\/www.varodem.com\/fr\/wp-json\/wp\/v2\/users\/2"}],"replies":[{"embeddable":true,"href":"https:\/\/www.varodem.com\/fr\/wp-json\/wp\/v2\/comments?post=13048"}],"version-history":[{"count":1,"href":"https:\/\/www.varodem.com\/fr\/wp-json\/wp\/v2\/pages\/13048\/revisions"}],"predecessor-version":[{"id":13049,"href":"https:\/\/www.varodem.com\/fr\/wp-json\/wp\/v2\/pages\/13048\/revisions\/13049"}],"wp:attachment":[{"href":"https:\/\/www.varodem.com\/fr\/wp-json\/wp\/v2\/media?parent=13048"}],"curies":[{"name":"wp","href":"https:\/\/api.w.org\/{rel}","templated":true}]}}