{"id":14592,"date":"2024-04-03T14:20:44","date_gmt":"2024-04-03T12:20:44","guid":{"rendered":"https:\/\/www.varodem.com\/haftungsausschluss\/"},"modified":"2026-04-23T10:07:04","modified_gmt":"2026-04-23T08:07:04","slug":"haftungsausschluss","status":"publish","type":"page","link":"https:\/\/www.varodem.com\/de\/haftungsausschluss\/","title":{"rendered":"Haftungsausschluss"},"content":{"rendered":"\t\t<div data-elementor-type=\"wp-page\" data-elementor-id=\"14592\" class=\"elementor elementor-14592 elementor-1847\" data-elementor-post-type=\"page\">\n\t\t\t\t\t\t<section data-particle_enable=\"false\" data-particle-mobile-disabled=\"false\" class=\"elementor-section elementor-top-section elementor-element elementor-element-3572764 elementor-section-full_width elementor-section-height-default elementor-section-height-default\" data-id=\"3572764\" data-element_type=\"section\" data-e-type=\"section\">\n\t\t\t\t\t\t<div class=\"elementor-container elementor-column-gap-default\">\n\t\t\t\t\t<div class=\"elementor-column elementor-col-100 elementor-top-column elementor-element elementor-element-c9aa034\" data-id=\"c9aa034\" data-element_type=\"column\" data-e-type=\"column\">\n\t\t\t<div class=\"elementor-widget-wrap elementor-element-populated\">\n\t\t\t\t\t\t<div class=\"elementor-element elementor-element-98147f0 elementor-widget elementor-widget-text-editor\" data-id=\"98147f0\" data-element_type=\"widget\" data-e-type=\"widget\" data-widget_type=\"text-editor.default\">\n\t\t\t\t<div class=\"elementor-widget-container\">\n\t\t\t\t\t\t\t\t\t<p>Trotz aller Bem\u00fchungen kann Varodem S.A. nicht garantieren, dass die Informationen auf dieser Website zu jeder Zeit vollst\u00e4ndig, richtig und aktuell sind. Dies gilt auch f\u00fcr alle Links, auf die diese Website direkt oder indirekt verweist. <\/p>\t\t\t\t\t\t\t\t<\/div>\n\t\t\t\t<\/div>\n\t\t\t\t<div class=\"elementor-element elementor-element-d537593 elementor-widget-divider--view-line elementor-widget elementor-widget-divider\" data-id=\"d537593\" data-element_type=\"widget\" data-e-type=\"widget\" data-widget_type=\"divider.default\">\n\t\t\t\t<div class=\"elementor-widget-container\">\n\t\t\t\t\t\t\t<div class=\"elementor-divider\">\n\t\t\t<span class=\"elementor-divider-separator\">\n\t\t\t\t\t\t<\/span>\n\t\t<\/div>\n\t\t\t\t\t\t<\/div>\n\t\t\t\t<\/div>\n\t\t\t\t<div class=\"elementor-element elementor-element-161b31a elementor-widget elementor-widget-text-editor\" data-id=\"161b31a\" data-element_type=\"widget\" data-e-type=\"widget\" data-widget_type=\"text-editor.default\">\n\t\t\t\t<div class=\"elementor-widget-container\">\n\t\t\t\t\t\t\t\t\t<p>Varodem S.A. ist f\u00fcr den Inhalt einer Internetseite, die mit einem solchen Link erreicht wird, nicht verantwortlich. Varodem S.A. beh\u00e4lt sich das Recht vor, jederzeit und ohne Vorank\u00fcndigung \u00c4nderungen oder Erg\u00e4nzungen an den Informationen vorzunehmen. Durch die Nutzung dieser Website entsteht niemals eine vertragliche Verpflichtung mit Varodem S.A. zum Zwecke der Lieferung von Produkten, der Anforderung von Informationen, der Erteilung von Ratschl\u00e4gen oder der Erbringung von Dienstleistungen dieser Art. Varodem S.A. verzichtet auf jegliche rechtliche Haftung, die sich aus der Nutzung der Inhalte ergibt, und \u00fcbernimmt keine Garantie f\u00fcr die Richtigkeit der darin enthaltenen Informationen oder daf\u00fcr, dass der Zugriff auf die Website jederzeit ohne Unterbrechung m\u00f6glich ist. Varodem S.A. haftet nicht f\u00fcr konkrete, mittelbare und unmittelbare Sch\u00e4den oder Sch\u00e4den, die durch die Nutzung der auf dieser Website zu findenden Informationen entstehen, wie z.B. entgangene Gewinne, Datenverluste oder entgangene Einnahmen.    <\/p><p>Es ist nicht die Absicht von Varodem S.A., spezifische medizinische Informationen zur Verf\u00fcgung zu stellen, sondern den Besuchern einen besseren Einblick und ein besseres Verst\u00e4ndnis f\u00fcr ihre Gesundheit und jeden diagnostizierten medizinischen Zustand in Verbindung mit unseren Produkten zu vermitteln. Varodem S.A. empfiehlt Ihnen dringend, in den F\u00e4llen, in denen dies zutrifft, einen qualifizierten Arzt zu konsultieren, um eine Diagnose zu erhalten und um Antworten auf Ihre pers\u00f6nlichen Fragen zu erhalten. <\/p><p>Bei der Zusammenstellung aller Informationen, insbesondere der medizinischen Informationen, wird mit gro\u00dfer Sorgfalt vorgegangen. Dennoch lassen sich Fehler (bei der Datenverarbeitung) nicht immer vermeiden. In Anbetracht dessen und weil die Entwicklungen in der medizinischen Wissenschaft rasant voranschreiten, wird dem Leser empfohlen, eigenst\u00e4ndig Erkundigungen einzuholen und\/oder Nachforschungen \u00fcber die genannten Diagnosemethoden, Behandlungen, Dosierungen von Medikamenten usw. anzustellen.    <strong>Varodem S.A. lehnt jede Verantwortung oder Haftung f\u00fcr (die Richtigkeit) dieser Daten ab.<\/strong><\/p>\t\t\t\t\t\t\t\t<\/div>\n\t\t\t\t<\/div>\n\t\t\t\t\t<\/div>\n\t\t<\/div>\n\t\t\t\t\t<\/div>\n\t\t<\/section>\n\t\t\t\t<section data-particle_enable=\"false\" data-particle-mobile-disabled=\"false\" class=\"elementor-section elementor-top-section elementor-element elementor-element-e31714e elementor-section-full_width elementor-section-height-default elementor-section-height-default\" data-id=\"e31714e\" data-element_type=\"section\" data-e-type=\"section\">\n\t\t\t\t\t\t<div class=\"elementor-container elementor-column-gap-default\">\n\t\t\t\t\t<div class=\"elementor-column elementor-col-100 elementor-top-column elementor-element elementor-element-6f7d6cd\" data-id=\"6f7d6cd\" data-element_type=\"column\" data-e-type=\"column\">\n\t\t\t<div class=\"elementor-widget-wrap elementor-element-populated\">\n\t\t\t\t\t\t<div class=\"elementor-element elementor-element-1d85733 elementor-widget elementor-widget-spacer\" data-id=\"1d85733\" data-element_type=\"widget\" data-e-type=\"widget\" data-widget_type=\"spacer.default\">\n\t\t\t\t<div class=\"elementor-widget-container\">\n\t\t\t\t\t\t\t<div class=\"elementor-spacer\">\n\t\t\t<div class=\"elementor-spacer-inner\"><\/div>\n\t\t<\/div>\n\t\t\t\t\t\t<\/div>\n\t\t\t\t<\/div>\n\t\t\t\t\t<\/div>\n\t\t<\/div>\n\t\t\t\t\t<\/div>\n\t\t<\/section>\n\t\t\t\t<\/div>\n\t\t","protected":false},"excerpt":{"rendered":"<p>Trotz aller Bem\u00fchungen kann Varodem S.A. nicht garantieren, dass die Informationen auf dieser Website zu jeder Zeit vollst\u00e4ndig, richtig und&hellip;<\/p>\n","protected":false},"author":2,"featured_media":0,"parent":0,"menu_order":0,"comment_status":"closed","ping_status":"closed","template":"","meta":{"_acf_changed":false,"footnotes":""},"class_list":["post-14592","page","type-page","status-publish","hentry"],"acf":[],"yoast_head":"<!-- This site is optimized with the Yoast SEO Premium plugin v26.8 (Yoast SEO v26.8) - https:\/\/yoast.com\/product\/yoast-seo-premium-wordpress\/ -->\n<title>Haftungsausschluss - Varodem<\/title>\n<meta name=\"robots\" content=\"index, follow, max-snippet:-1, max-image-preview:large, max-video-preview:-1\" \/>\n<link rel=\"canonical\" href=\"https:\/\/www.varodem.com\/de\/haftungsausschluss\/\" \/>\n<meta property=\"og:locale\" content=\"de_DE\" \/>\n<meta property=\"og:type\" content=\"article\" \/>\n<meta property=\"og:title\" content=\"Haftungsausschluss\" \/>\n<meta property=\"og:description\" content=\"Trotz aller Bem\u00fchungen kann Varodem S.A. nicht garantieren, dass die Informationen auf dieser Website zu jeder Zeit vollst\u00e4ndig, richtig und&hellip;\" \/>\n<meta property=\"og:url\" content=\"https:\/\/www.varodem.com\/de\/haftungsausschluss\/\" \/>\n<meta property=\"og:site_name\" content=\"Varodem\" \/>\n<meta property=\"article:modified_time\" content=\"2026-04-23T08:07:04+00:00\" \/>\n<meta name=\"twitter:card\" content=\"summary_large_image\" \/>\n<meta name=\"twitter:label1\" content=\"Gesch\u00e4tzte Lesezeit\" \/>\n\t<meta name=\"twitter:data1\" content=\"2 Minuten\" \/>\n<script type=\"application\/ld+json\" class=\"yoast-schema-graph\">{\"@context\":\"https:\/\/schema.org\",\"@graph\":[{\"@type\":\"WebPage\",\"@id\":\"https:\/\/www.varodem.com\/de\/haftungsausschluss\/\",\"url\":\"https:\/\/www.varodem.com\/de\/haftungsausschluss\/\",\"name\":\"Haftungsausschluss - Varodem\",\"isPartOf\":{\"@id\":\"https:\/\/www.varodem.com\/de\/#website\"},\"datePublished\":\"2024-04-03T12:20:44+00:00\",\"dateModified\":\"2026-04-23T08:07:04+00:00\",\"breadcrumb\":{\"@id\":\"https:\/\/www.varodem.com\/de\/haftungsausschluss\/#breadcrumb\"},\"inLanguage\":\"de\",\"potentialAction\":[{\"@type\":\"ReadAction\",\"target\":[\"https:\/\/www.varodem.com\/de\/haftungsausschluss\/\"]}]},{\"@type\":\"BreadcrumbList\",\"@id\":\"https:\/\/www.varodem.com\/de\/haftungsausschluss\/#breadcrumb\",\"itemListElement\":[{\"@type\":\"ListItem\",\"position\":1,\"name\":\"Home\",\"item\":\"https:\/\/www.varodem.com\/de\/\"},{\"@type\":\"ListItem\",\"position\":2,\"name\":\"Haftungsausschluss\"}]},{\"@type\":\"WebSite\",\"@id\":\"https:\/\/www.varodem.com\/de\/#website\",\"url\":\"https:\/\/www.varodem.com\/de\/\",\"name\":\"Varodem\",\"description\":\"All about people!\",\"potentialAction\":[{\"@type\":\"SearchAction\",\"target\":{\"@type\":\"EntryPoint\",\"urlTemplate\":\"https:\/\/www.varodem.com\/de\/?s={search_term_string}\"},\"query-input\":{\"@type\":\"PropertyValueSpecification\",\"valueRequired\":true,\"valueName\":\"search_term_string\"}}],\"inLanguage\":\"de\"}]}<\/script>\n<!-- \/ Yoast SEO Premium plugin. -->","yoast_head_json":{"title":"Haftungsausschluss - Varodem","robots":{"index":"index","follow":"follow","max-snippet":"max-snippet:-1","max-image-preview":"max-image-preview:large","max-video-preview":"max-video-preview:-1"},"canonical":"https:\/\/www.varodem.com\/de\/haftungsausschluss\/","og_locale":"de_DE","og_type":"article","og_title":"Haftungsausschluss","og_description":"Trotz aller Bem\u00fchungen kann Varodem S.A. nicht garantieren, dass die Informationen auf dieser Website zu jeder Zeit vollst\u00e4ndig, richtig und&hellip;","og_url":"https:\/\/www.varodem.com\/de\/haftungsausschluss\/","og_site_name":"Varodem","article_modified_time":"2026-04-23T08:07:04+00:00","twitter_card":"summary_large_image","twitter_misc":{"Gesch\u00e4tzte Lesezeit":"2 Minuten"},"schema":{"@context":"https:\/\/schema.org","@graph":[{"@type":"WebPage","@id":"https:\/\/www.varodem.com\/de\/haftungsausschluss\/","url":"https:\/\/www.varodem.com\/de\/haftungsausschluss\/","name":"Haftungsausschluss - Varodem","isPartOf":{"@id":"https:\/\/www.varodem.com\/de\/#website"},"datePublished":"2024-04-03T12:20:44+00:00","dateModified":"2026-04-23T08:07:04+00:00","breadcrumb":{"@id":"https:\/\/www.varodem.com\/de\/haftungsausschluss\/#breadcrumb"},"inLanguage":"de","potentialAction":[{"@type":"ReadAction","target":["https:\/\/www.varodem.com\/de\/haftungsausschluss\/"]}]},{"@type":"BreadcrumbList","@id":"https:\/\/www.varodem.com\/de\/haftungsausschluss\/#breadcrumb","itemListElement":[{"@type":"ListItem","position":1,"name":"Home","item":"https:\/\/www.varodem.com\/de\/"},{"@type":"ListItem","position":2,"name":"Haftungsausschluss"}]},{"@type":"WebSite","@id":"https:\/\/www.varodem.com\/de\/#website","url":"https:\/\/www.varodem.com\/de\/","name":"Varodem","description":"All about people!","potentialAction":[{"@type":"SearchAction","target":{"@type":"EntryPoint","urlTemplate":"https:\/\/www.varodem.com\/de\/?s={search_term_string}"},"query-input":{"@type":"PropertyValueSpecification","valueRequired":true,"valueName":"search_term_string"}}],"inLanguage":"de"}]}},"_links":{"self":[{"href":"https:\/\/www.varodem.com\/de\/wp-json\/wp\/v2\/pages\/14592","targetHints":{"allow":["GET"]}}],"collection":[{"href":"https:\/\/www.varodem.com\/de\/wp-json\/wp\/v2\/pages"}],"about":[{"href":"https:\/\/www.varodem.com\/de\/wp-json\/wp\/v2\/types\/page"}],"author":[{"embeddable":true,"href":"https:\/\/www.varodem.com\/de\/wp-json\/wp\/v2\/users\/2"}],"replies":[{"embeddable":true,"href":"https:\/\/www.varodem.com\/de\/wp-json\/wp\/v2\/comments?post=14592"}],"version-history":[{"count":1,"href":"https:\/\/www.varodem.com\/de\/wp-json\/wp\/v2\/pages\/14592\/revisions"}],"predecessor-version":[{"id":14593,"href":"https:\/\/www.varodem.com\/de\/wp-json\/wp\/v2\/pages\/14592\/revisions\/14593"}],"wp:attachment":[{"href":"https:\/\/www.varodem.com\/de\/wp-json\/wp\/v2\/media?parent=14592"}],"curies":[{"name":"wp","href":"https:\/\/api.w.org\/{rel}","templated":true}]}}